{"id":978,"date":"2023-03-09T11:24:47","date_gmt":"2023-03-09T11:24:47","guid":{"rendered":"https:\/\/transeaba.com\/nuestra-historia\/"},"modified":"2023-04-03T11:30:46","modified_gmt":"2023-04-03T11:30:46","slug":"nuestra-historia","status":"publish","type":"page","link":"https:\/\/transeaba.com\/es\/nuestra-historia\/","title":{"rendered":"Nuestra Historia"},"content":{"rendered":"<!--themify_builder_content-->\n<div id=\"themify_builder_content-978\" data-postid=\"978\" class=\"themify_builder_content themify_builder_content-978 themify_builder tf_clear\">\n    \t\t\t\t<!-- module_row -->\n\t\t<div  data-lazy=\"1\" class=\"module_row themify_builder_row tb_io2c237 tb_first tf_w tf_clearfix wow\" data-tf-animation=\"flipInX\" data-tf-animation_delay=\".25\">\n\t\t\t\t\t<div class=\"row_inner col_align_top tb_col_count_1 tf_box tf_rel\">\n\t\t\t\t\t<div  data-lazy=\"1\" class=\"module_column tb-column col-full tb_gkqg237 first\">\n\t\t\t\t\t\t\t\t\t<div class=\"tb-column-inner tf_box tf_w\">\n\t\t\t\t<!-- module text -->\n<div  class=\"module module-text tb_qzkn805   \" data-lazy=\"1\">\n        <div  class=\"tb_text_wrap\">\n    <h2 style=\"text-align: center;\">NUESTRA HISTORIA<\/h2>\n<p>TRANSEABA PORTERS inici\u00f3 su actividad all\u00e1 los a\u00f1os 60 y hoy a\u00fan continuamos con nuevas caras, pero con los mismos objetivos por los que fue fundada; dar un servicio personalizado y ayudar al pasaje en la medida de nuestras posibilidades.<\/p>\n<p>Por ello queremos dar un peque\u00f1o homenaje a los precursores de nuestra actividad y rescatar algunas im\u00e1genes de aquella \u00e9poca.<\/p>    <\/div>\n<\/div>\n<!-- \/module text -->\t\t\t\t<\/div><!-- .tb-column-inner -->\n\t\t\t\t\t\t<\/div><!-- .module_column -->\n\t\t\t\t\t\t<\/div><!-- .row_inner -->\n\t\t<\/div><!-- .module_row -->\n\t\t\t\t\t\t\t\t<!-- module_row -->\n\t\t<div  data-lazy=\"1\" class=\"module_row themify_builder_row tb_hpi2979 tf_w tf_clearfix\">\n\t\t<div class=\"tb_row_frame_wrap tf_overflow tf_abs\" data-lazy=\"1\"><div class=\"tb_row_frame tb_row_frame_top  tf_abs tf_hide tf_overflow tf_w\"><\/div><\/div>\t\t\t<div class=\"row_inner col_align_top tb_col_count_1 tf_box tf_rel\">\n\t\t\t\t\t<div  data-lazy=\"1\" class=\"module_column tb-column col-full tb_xpai979 first\">\n\t\t\t\t\t\t\t\t\t<div class=\"tb-column-inner tf_box tf_w\">\n\t\t\t\t<!-- module gallery -->\n<div  class=\"module gallery module-gallery tb_d72c979 layout-grid rounded drop-shadow  wow\" data-tf-animation=\"fadeInLeft\" data-tf-animation_delay=\".5\" data-lazy=\"1\">\n    <div class=\"module-gallery-grid gallery-columns-2 gallery-t-columns-2 gallery-m-columns-2 gallery-masonry tf_clear\">\n\t\t\t<dl class=\"gallery-item\">\n\t\t\t<dt class=\"gallery-icon\">\n\t\t\t<a data-title=\"\" title=\"\" href=\"https:\/\/transeaba.com\/wp-content\/uploads\/2023\/03\/History1-796x1024.jpg\" data-rel=\"tb_d72c979\" class=\"themify_lightbox\"><img loading=\"lazy\" decoding=\"async\" src=\"https:\/\/transeaba.com\/wp-content\/uploads\/2023\/03\/History1-796x1024-400x350.jpg\" width=\"400\" height=\"350\" class=\"wp-post-image wp-image-799\" title=\"History1\" alt=\"History1\"><\/a>\t\t\t<\/dt>\n\t\t\t<dd>\n\t\t\t\t\t\t\t\t\t\t\t<\/dd>\n\t\t<\/dl>\n\t\t\t<dl class=\"gallery-item\">\n\t\t\t<dt class=\"gallery-icon\">\n\t\t\t<a data-title=\"\" title=\"\" href=\"https:\/\/transeaba.com\/wp-content\/uploads\/2023\/03\/History3-1024x891.jpg\" data-rel=\"tb_d72c979\" class=\"themify_lightbox\"><img loading=\"lazy\" decoding=\"async\" src=\"https:\/\/transeaba.com\/wp-content\/uploads\/2023\/03\/History3-1024x891-400x350.jpg\" width=\"400\" height=\"350\" class=\"wp-post-image wp-image-809\" title=\"History3\" alt=\"History3\"><\/a>\t\t\t<\/dt>\n\t\t\t<dd>\n\t\t\t\t\t\t\t\t\t\t\t<\/dd>\n\t\t<\/dl>\n\t\t\t<dl class=\"gallery-item\">\n\t\t\t<dt class=\"gallery-icon\">\n\t\t\t<a data-title=\"\" title=\"\" href=\"https:\/\/transeaba.com\/wp-content\/uploads\/2023\/03\/History2-1024x808.jpg\" data-rel=\"tb_d72c979\" class=\"themify_lightbox\"><img loading=\"lazy\" decoding=\"async\" src=\"https:\/\/transeaba.com\/wp-content\/uploads\/2023\/03\/History2-1024x808-400x350.jpg\" width=\"400\" height=\"350\" class=\"wp-post-image wp-image-804\" title=\"History2\" alt=\"History2\"><\/a>\t\t\t<\/dt>\n\t\t\t<dd>\n\t\t\t\t\t\t\t\t\t\t\t<\/dd>\n\t\t<\/dl>\n\t\t\t<dl class=\"gallery-item\">\n\t\t\t<dt class=\"gallery-icon\">\n\t\t\t<a data-title=\"\" title=\"\" href=\"https:\/\/transeaba.com\/wp-content\/uploads\/2023\/03\/History4-1024x675.jpg\" data-rel=\"tb_d72c979\" class=\"themify_lightbox\"><img loading=\"lazy\" decoding=\"async\" src=\"https:\/\/transeaba.com\/wp-content\/uploads\/2023\/03\/History4-1024x675-400x350.jpg\" width=\"400\" height=\"350\" class=\"wp-post-image wp-image-814\" title=\"History4\" alt=\"History4\"><\/a>\t\t\t<\/dt>\n\t\t\t<dd>\n\t\t\t\t\t\t\t\t\t\t\t<\/dd>\n\t\t<\/dl>\n\t\t\t<dl class=\"gallery-item\">\n\t\t\t<dt class=\"gallery-icon\">\n\t\t\t<a data-title=\"\" title=\"\" href=\"https:\/\/transeaba.com\/wp-content\/uploads\/2023\/04\/History5.jpg\" data-rel=\"tb_d72c979\" class=\"themify_lightbox\"><img loading=\"lazy\" decoding=\"async\" src=\"https:\/\/transeaba.com\/wp-content\/uploads\/2023\/04\/History5-400x350.jpg\" width=\"400\" height=\"350\" class=\"wp-post-image wp-image-1180\" title=\"History5\" alt=\"History5\"><\/a>\t\t\t<\/dt>\n\t\t\t<dd>\n\t\t\t\t\t\t\t\t\t\t\t<\/dd>\n\t\t<\/dl>\n\t\t\t<dl class=\"gallery-item\">\n\t\t\t<dt class=\"gallery-icon\">\n\t\t\t<a data-title=\"\" title=\"\" href=\"https:\/\/transeaba.com\/wp-content\/uploads\/2023\/04\/History6.jpg\" data-rel=\"tb_d72c979\" class=\"themify_lightbox\"><img loading=\"lazy\" decoding=\"async\" src=\"https:\/\/transeaba.com\/wp-content\/uploads\/2023\/04\/History6-400x350.jpg\" width=\"400\" height=\"350\" class=\"wp-post-image wp-image-1186\" title=\"History6\" alt=\"History6\"><\/a>\t\t\t<\/dt>\n\t\t\t<dd>\n\t\t\t\t\t\t\t\t\t\t\t<\/dd>\n\t\t<\/dl>\n\t\t\t<dl class=\"gallery-item\">\n\t\t\t<dt class=\"gallery-icon\">\n\t\t\t<a data-title=\"\" title=\"\" href=\"https:\/\/transeaba.com\/wp-content\/uploads\/2023\/04\/History7.jpg\" data-rel=\"tb_d72c979\" class=\"themify_lightbox\"><img loading=\"lazy\" decoding=\"async\" src=\"https:\/\/transeaba.com\/wp-content\/uploads\/2023\/04\/History7-400x350.jpg\" width=\"400\" height=\"350\" class=\"wp-post-image wp-image-1192\" title=\"History7\" alt=\"History7\"><\/a>\t\t\t<\/dt>\n\t\t\t<dd>\n\t\t\t\t\t\t\t\t\t\t\t<\/dd>\n\t\t<\/dl>\n\t<\/div>\n<\/div>\n<!-- \/module gallery -->\t\t\t\t<\/div><!-- .tb-column-inner -->\n\t\t\t\t\t\t<\/div><!-- .module_column -->\n\t\t\t\t\t\t<\/div><!-- .row_inner -->\n\t\t<\/div><!-- .module_row -->\n\t\t\t\t<\/div>\n<!--\/themify_builder_content-->","protected":false},"excerpt":{"rendered":"<p>NUESTRA HISTORIA TRANSEABA PORTERS inici\u00f3 su actividad all\u00e1 los a\u00f1os 60 y hoy a\u00fan continuamos con nuevas caras, pero con los mismos objetivos por los que fue fundada; dar un servicio personalizado y ayudar al pasaje en la medida de nuestras posibilidades. Por ello queremos dar un peque\u00f1o homenaje a los precursores de nuestra actividad [&hellip;]<\/p>\n","protected":false},"author":1,"featured_media":0,"parent":0,"menu_order":0,"comment_status":"closed","ping_status":"closed","template":"","meta":{"footnotes":""},"class_list":["post-978","page","type-page","status-publish","hentry","has-post-title","has-post-date","has-post-category","has-post-tag","has-post-comment","has-post-author",""],"builder_content":"<h2 style=\"text-align: center;\">NUESTRA HISTORIA<\/h2> <p>TRANSEABA PORTERS inici\u00f3 su actividad all\u00e1 los a\u00f1os 60 y hoy a\u00fan continuamos con nuevas caras, pero con los mismos objetivos por los que fue fundada; dar un servicio personalizado y ayudar al pasaje en la medida de nuestras posibilidades.<\/p> <p>Por ello queremos dar un peque\u00f1o homenaje a los precursores de nuestra actividad y rescatar algunas im\u00e1genes de aquella \u00e9poca.<\/p>\n[gallery ids=\"799,809,804,814,1180,1186,1192\"]","_links":{"self":[{"href":"https:\/\/transeaba.com\/es\/wp-json\/wp\/v2\/pages\/978","targetHints":{"allow":["GET"]}}],"collection":[{"href":"https:\/\/transeaba.com\/es\/wp-json\/wp\/v2\/pages"}],"about":[{"href":"https:\/\/transeaba.com\/es\/wp-json\/wp\/v2\/types\/page"}],"author":[{"embeddable":true,"href":"https:\/\/transeaba.com\/es\/wp-json\/wp\/v2\/users\/1"}],"replies":[{"embeddable":true,"href":"https:\/\/transeaba.com\/es\/wp-json\/wp\/v2\/comments?post=978"}],"version-history":[{"count":10,"href":"https:\/\/transeaba.com\/es\/wp-json\/wp\/v2\/pages\/978\/revisions"}],"predecessor-version":[{"id":1245,"href":"https:\/\/transeaba.com\/es\/wp-json\/wp\/v2\/pages\/978\/revisions\/1245"}],"wp:attachment":[{"href":"https:\/\/transeaba.com\/es\/wp-json\/wp\/v2\/media?parent=978"}],"curies":[{"name":"wp","href":"https:\/\/api.w.org\/{rel}","templated":true}]}}